{"id":50,"date":"2024-06-18T05:03:22","date_gmt":"2024-06-18T05:03:22","guid":{"rendered":"https:\/\/archi2.oceanthemes.site\/solar\/?page_id=50"},"modified":"2025-10-10T08:34:46","modified_gmt":"2025-10-10T08:34:46","slug":"mobilidade-eletrica","status":"publish","type":"page","link":"https:\/\/ccse.pt\/index.php\/mobilidade-eletrica\/","title":{"rendered":"Mobilidade El\u00e9trica"},"content":{"rendered":"\t\t<div data-elementor-type=\"wp-page\" data-elementor-id=\"50\" class=\"elementor elementor-50\">\n\t\t\t\t<div class=\"elementor-element elementor-element-26df973 ot-jarallax e-flex e-con-boxed e-con e-parent\" data-id=\"26df973\" data-element_type=\"container\" data-settings=\"{&quot;background_background&quot;:&quot;classic&quot;}\">\n\t\t\t\t\t<div class=\"e-con-inner\">\n\t\t\t\t<div class=\"elementor-element elementor-element-40d7d29 elementor-widget elementor-widget-heading\" data-id=\"40d7d29\" data-element_type=\"widget\" data-widget_type=\"heading.default\">\n\t\t\t\t<div class=\"elementor-widget-container\">\n\t\t\t\t\t<h1 class=\"elementor-heading-title elementor-size-default\">Servi\u00e7os<\/h1>\t\t\t\t<\/div>\n\t\t\t\t<\/div>\n\t\t\t\t\t<\/div>\n\t\t\t\t<\/div>\n\t\t<div class=\"elementor-element elementor-element-769bc5d e-flex e-con-boxed e-con e-parent\" data-id=\"769bc5d\" data-element_type=\"container\" data-settings=\"{&quot;background_background&quot;:&quot;classic&quot;}\">\n\t\t\t\t\t<div class=\"e-con-inner\">\n\t\t\t\t<div class=\"elementor-element elementor-element-ebbee23 elementor-widget elementor-widget-heading\" data-id=\"ebbee23\" data-element_type=\"widget\" data-widget_type=\"heading.default\">\n\t\t\t\t<div class=\"elementor-widget-container\">\n\t\t\t\t\t<h1 class=\"elementor-heading-title elementor-size-default\">Mobilidade El\u00e9trica<\/h1>\t\t\t\t<\/div>\n\t\t\t\t<\/div>\n\t\t\t\t<div class=\"elementor-element elementor-element-8c08079 elementor-widget elementor-widget-text-editor\" data-id=\"8c08079\" data-element_type=\"widget\" data-widget_type=\"text-editor.default\">\n\t\t\t\t<div class=\"elementor-widget-container\">\n\t\t\t\t\t\t\t\t\t<div id=\"bgLayers_mediajg2fl55h1\" class=\"MW5IWV\" data-hook=\"bgLayers\" data-motion-part=\"BG_LAYER mediajg2fl55h1\"><div id=\"bgMedia_mediajg2fl55h1\" class=\"VgO9Yg\" data-motion-part=\"BG_MEDIA mediajg2fl55h1\">\u00a0<\/div><\/div><div class=\"\" data-mesh-id=\"mediajg2fl55h1inlineContent\" data-testid=\"inline-content\"><div data-mesh-id=\"mediajg2fl55h1inlineContent-gridContainer\" data-testid=\"mesh-container-content\"><div id=\"comp-ih1wx5dt\" class=\"HcOXKn c9GqVL QxJLC3 lq2cno YQcXTT comp-ih1wx5dt wixui-rich-text\" data-testid=\"richTextElement\"><p class=\"font_8 wixui-rich-text__text\"><span class=\"wixui-rich-text__text\">A mobilidade el\u00e9trica est\u00e1 a revolucionar a forma como nos deslocamos, oferecendo uma alternativa sustent\u00e1vel e eficiente aos ve\u00edculos tradicionais movidos a combust\u00edveis. Na Casqueira &amp; Cunha, estamos comprometidos em impulsionar a transi\u00e7\u00e3o para a mobilidade el\u00e9trica, oferecendo solu\u00e7\u00f5es inovadoras e acess\u00edveis para os nossos clientes.<\/span><\/p><p class=\"font_8 wixui-rich-text__text\"><span class=\"wixui-rich-text__text\"><span class=\"wixGuard wixui-rich-text__text\">\u200b<\/span><\/span><span class=\"wixui-rich-text__text\">Os ve\u00edculos el\u00e9tricos s\u00e3o impulsionados por motores el\u00e9tricos alimentados por baterias recarreg\u00e1veis. Al\u00e9m de serem ecologicamente corretos, eles oferecem uma s\u00e9rie de benef\u00edcios, como emiss\u00f5es zero de poluentes locais, menor impacto sonoro e custos de opera\u00e7\u00e3o e manuten\u00e7\u00e3o reduzidos.<\/span><\/p><p class=\"font_8 wixui-rich-text__text\"><span class=\"color_11 wixui-rich-text__text\">A nossa equipa \u00e9 altamente qualificada e est\u00e1 pronta para auxili\u00e1-lo em todas as etapas da ado\u00e7\u00e3o da mobilidade el\u00e9trica. Oferecemos servi\u00e7os de instala\u00e7\u00e3o de pontos de carregamento a empresas e espa\u00e7os p\u00fablicos, garantindo a infraestrutura necess\u00e1ria para carregar os seus ve\u00edculos el\u00e9tricos com conveni\u00eancia e seguran\u00e7a.<\/span><\/p><p class=\"font_8 wixui-rich-text__text\"><span class=\"color_11 wixui-rich-text__text\"><span class=\"wixGuard wixui-rich-text__text\">\u200b<\/span><\/span><span class=\"color_11 wixui-rich-text__text\">Ao escolher a mobilidade el\u00e9trica, voc\u00ea estar\u00e1 a contribuir para a redu\u00e7\u00e3o das emiss\u00f5es de gases de efeito estufa e para a melhoria da qualidade do ar, promovendo um futuro mais limpo e sustent\u00e1vel.<\/span><\/p><p class=\"font_8 wixui-rich-text__text\"><span class=\"color_11 wixui-rich-text__text\">Conte com a Casqueira &amp; Cunha parao\u00a0 ajudar na jornada da mobilidade el\u00e9trica, onde oferecemos solu\u00e7\u00f5es personalizadas e tecnologicamente avan\u00e7adas para impulsionar a transi\u00e7\u00e3o para uma forma de transporte mais verde e eficiente.<\/span><\/p><\/div><\/div><\/div>\t\t\t\t\t\t\t\t<\/div>\n\t\t\t\t<\/div>\n\t\t\t\t\t<\/div>\n\t\t\t\t<\/div>\n\t\t<div class=\"elementor-element elementor-element-07c8552 ot-jarallax e-flex e-con-boxed e-con e-parent\" data-id=\"07c8552\" data-element_type=\"container\" data-settings=\"{&quot;background_background&quot;:&quot;classic&quot;}\">\n\t\t\t\t\t<div class=\"e-con-inner\">\n\t\t\t\t\t<\/div>\n\t\t\t\t<\/div>\n\t\t\t\t<\/div>\n\t\t","protected":false},"excerpt":{"rendered":"<p>Servi\u00e7os Mobilidade El\u00e9trica \u00a0 A mobilidade el\u00e9trica est\u00e1 a revolucionar a forma como nos deslocamos, oferecendo uma alternativa sustent\u00e1vel e eficiente aos ve\u00edculos tradicionais movidos a combust\u00edveis. Na Casqueira &amp; Cunha, estamos comprometidos em impulsionar a transi\u00e7\u00e3o para a mobilidade el\u00e9trica, oferecendo solu\u00e7\u00f5es inovadoras e acess\u00edveis para os nossos clientes. \u200bOs ve\u00edculos el\u00e9tricos s\u00e3o impulsionados [&hellip;]<\/p>\n","protected":false},"author":1,"featured_media":0,"parent":0,"menu_order":0,"comment_status":"closed","ping_status":"closed","template":"","meta":{"footnotes":""},"class_list":["post-50","page","type-page","status-publish","hentry"],"_links":{"self":[{"href":"https:\/\/ccse.pt\/index.php\/wp-json\/wp\/v2\/pages\/50","targetHints":{"allow":["GET"]}}],"collection":[{"href":"https:\/\/ccse.pt\/index.php\/wp-json\/wp\/v2\/pages"}],"about":[{"href":"https:\/\/ccse.pt\/index.php\/wp-json\/wp\/v2\/types\/page"}],"author":[{"embeddable":true,"href":"https:\/\/ccse.pt\/index.php\/wp-json\/wp\/v2\/users\/1"}],"replies":[{"embeddable":true,"href":"https:\/\/ccse.pt\/index.php\/wp-json\/wp\/v2\/comments?post=50"}],"version-history":[{"count":18,"href":"https:\/\/ccse.pt\/index.php\/wp-json\/wp\/v2\/pages\/50\/revisions"}],"predecessor-version":[{"id":377,"href":"https:\/\/ccse.pt\/index.php\/wp-json\/wp\/v2\/pages\/50\/revisions\/377"}],"wp:attachment":[{"href":"https:\/\/ccse.pt\/index.php\/wp-json\/wp\/v2\/media?parent=50"}],"curies":[{"name":"wp","href":"https:\/\/api.w.org\/{rel}","templated":true}]}}