{"id":309,"date":"2025-04-15T09:19:59","date_gmt":"2025-04-15T09:19:59","guid":{"rendered":"https:\/\/ccse.pt\/?page_id=309"},"modified":"2025-10-10T08:43:36","modified_gmt":"2025-10-10T08:43:36","slug":"processo","status":"publish","type":"page","link":"https:\/\/ccse.pt\/index.php\/processo\/","title":{"rendered":"Processo"},"content":{"rendered":"\t\t<div data-elementor-type=\"wp-page\" data-elementor-id=\"309\" class=\"elementor elementor-309\">\n\t\t\t\t<div class=\"elementor-element elementor-element-26df973 ot-jarallax e-flex e-con-boxed e-con e-parent\" data-id=\"26df973\" data-element_type=\"container\" data-settings=\"{&quot;background_background&quot;:&quot;classic&quot;}\">\n\t\t\t\t\t<div class=\"e-con-inner\">\n\t\t\t\t<div class=\"elementor-element elementor-element-40d7d29 elementor-widget elementor-widget-heading\" data-id=\"40d7d29\" data-element_type=\"widget\" data-widget_type=\"heading.default\">\n\t\t\t\t<div class=\"elementor-widget-container\">\n\t\t\t\t\t<h1 class=\"elementor-heading-title elementor-size-default\">Processo<\/h1>\t\t\t\t<\/div>\n\t\t\t\t<\/div>\n\t\t\t\t\t<\/div>\n\t\t\t\t<\/div>\n\t\t<div class=\"elementor-element elementor-element-769bc5d e-flex e-con-boxed e-con e-parent\" data-id=\"769bc5d\" data-element_type=\"container\" data-settings=\"{&quot;background_background&quot;:&quot;classic&quot;}\">\n\t\t\t\t\t<div class=\"e-con-inner\">\n\t\t<div class=\"elementor-element elementor-element-a29daf9 e-grid e-con-full e-con e-child\" data-id=\"a29daf9\" data-element_type=\"container\">\n\t\t\t\t<div class=\"elementor-element elementor-element-00c1e31 elementor-position-top elementor-widget elementor-widget-image-box\" data-id=\"00c1e31\" data-element_type=\"widget\" data-widget_type=\"image-box.default\">\n\t\t\t\t<div class=\"elementor-widget-container\">\n\t\t\t\t\t<div class=\"elementor-image-box-wrapper\"><figure class=\"elementor-image-box-img\"><img decoding=\"async\" width=\"50\" height=\"50\" src=\"https:\/\/ccse.pt\/wp-content\/uploads\/2025\/04\/calendar_plus_50px.png\" class=\"attachment-thumbnail size-thumbnail wp-image-314\" alt=\"\" \/><\/figure><div class=\"elementor-image-box-content\"><h3 class=\"elementor-image-box-title\">Simula\u00e7\u00e3o<\/h3><p class=\"elementor-image-box-description\">Nesta etapa, \u00e9 realizada uma simula\u00e7\u00e3o do sistema de energia solar para determinar a viabilidade e o potencial de gera\u00e7\u00e3o de energia. Utilizamos dados como a localiza\u00e7\u00e3o, dimens\u00e3o do telhado ou \u00e1rea dispon\u00edvel, inclina\u00e7\u00e3o e orienta\u00e7\u00e3o, al\u00e9m da an\u00e1lise do consumo de energia atual.<\/p><\/div><\/div>\t\t\t\t<\/div>\n\t\t\t\t<\/div>\n\t\t\t\t<div class=\"elementor-element elementor-element-cca91d4 elementor-position-top elementor-widget elementor-widget-image-box\" data-id=\"cca91d4\" data-element_type=\"widget\" data-widget_type=\"image-box.default\">\n\t\t\t\t<div class=\"elementor-widget-container\">\n\t\t\t\t\t<div class=\"elementor-image-box-wrapper\"><figure class=\"elementor-image-box-img\"><img decoding=\"async\" width=\"50\" height=\"50\" src=\"https:\/\/ccse.pt\/wp-content\/uploads\/2025\/04\/task_planning_50px.png\" class=\"attachment-thumbnail size-thumbnail wp-image-316\" alt=\"\" \/><\/figure><div class=\"elementor-image-box-content\"><h3 class=\"elementor-image-box-title\">Planeamento<\/h3><p class=\"elementor-image-box-description\">Com base nos resultados da simula\u00e7\u00e3o \u00e9 projetado um sistema personalizado de energia solar, calculando a quantidade de pain\u00e9is solares necess\u00e1rios, inversores e outros componentes. Tamb\u00e9m consideramos regulamenta\u00e7\u00f5es locais e requisitos t\u00e9cnicos.<\/p><\/div><\/div>\t\t\t\t<\/div>\n\t\t\t\t<\/div>\n\t\t\t\t<div class=\"elementor-element elementor-element-23c3357 elementor-position-top elementor-widget elementor-widget-image-box\" data-id=\"23c3357\" data-element_type=\"widget\" data-widget_type=\"image-box.default\">\n\t\t\t\t<div class=\"elementor-widget-container\">\n\t\t\t\t\t<div class=\"elementor-image-box-wrapper\"><figure class=\"elementor-image-box-img\"><img decoding=\"async\" width=\"50\" height=\"50\" src=\"https:\/\/ccse.pt\/wp-content\/uploads\/2025\/04\/calendar_plus_50px.png\" class=\"attachment-thumbnail size-thumbnail wp-image-314\" alt=\"\" \/><\/figure><div class=\"elementor-image-box-content\"><h3 class=\"elementor-image-box-title\">Agendamento<\/h3><p class=\"elementor-image-box-description\">Ap\u00f3s o planejamento, entramos em contacto com o cliente para agendar a instala\u00e7\u00e3o, onde s\u00e3o definidos os prazos e todas as etapas necess\u00e1rias para realiza\u00e7\u00e3o do processo.<\/p><\/div><\/div>\t\t\t\t<\/div>\n\t\t\t\t<\/div>\n\t\t\t\t<\/div>\n\t\t<div class=\"elementor-element elementor-element-4b40737 e-grid e-con-full e-con e-child\" data-id=\"4b40737\" data-element_type=\"container\">\n\t\t\t\t<div class=\"elementor-element elementor-element-9889dc3 elementor-position-top elementor-widget elementor-widget-image-box\" data-id=\"9889dc3\" data-element_type=\"widget\" data-widget_type=\"image-box.default\">\n\t\t\t\t<div class=\"elementor-widget-container\">\n\t\t\t\t\t<div class=\"elementor-image-box-wrapper\"><figure class=\"elementor-image-box-img\"><img decoding=\"async\" width=\"50\" height=\"50\" src=\"https:\/\/ccse.pt\/wp-content\/uploads\/2025\/04\/administrative_tools_50px.png\" class=\"attachment-thumbnail size-thumbnail wp-image-321\" alt=\"\" \/><\/figure><div class=\"elementor-image-box-content\"><h3 class=\"elementor-image-box-title\">Instala\u00e7\u00e3o dos Pain\u00e9is<\/h3><p class=\"elementor-image-box-description\">Os nossos t\u00e9cnicos realizam a instala\u00e7\u00e3o e montagem dos pain\u00e9is solares no telhado ou em outra \u00e1rea adequada. S\u00e3o efetuadas as conex\u00f5es el\u00e9tricas corretas e s\u00e3o feitos os testes necess\u00e1rios para garantir o funcionamento adequado do sistema.<\/p><\/div><\/div>\t\t\t\t<\/div>\n\t\t\t\t<\/div>\n\t\t\t\t<div class=\"elementor-element elementor-element-e0c3386 elementor-position-top elementor-widget elementor-widget-image-box\" data-id=\"e0c3386\" data-element_type=\"widget\" data-widget_type=\"image-box.default\">\n\t\t\t\t<div class=\"elementor-widget-container\">\n\t\t\t\t\t<div class=\"elementor-image-box-wrapper\"><figure class=\"elementor-image-box-img\"><img loading=\"lazy\" decoding=\"async\" width=\"50\" height=\"50\" src=\"https:\/\/ccse.pt\/wp-content\/uploads\/2025\/04\/assembly_line_50px.png\" class=\"attachment-thumbnail size-thumbnail wp-image-328\" alt=\"\" \/><\/figure><div class=\"elementor-image-box-content\"><h3 class=\"elementor-image-box-title\">Instala\u00e7\u00e3o do Contador<\/h3><p class=\"elementor-image-box-description\">Ap\u00f3s a instala\u00e7\u00e3o dos pain\u00e9is, \u00e9 efetuada a instala\u00e7\u00e3o de contadores de energia bidirecionais, que medem tanto a energia consumida da rede el\u00e9trica quanto a energia gerada pelo sistema solar. Esses contadores s\u00e3o essenciais para a compensa\u00e7\u00e3o de energia.<\/p><\/div><\/div>\t\t\t\t<\/div>\n\t\t\t\t<\/div>\n\t\t\t\t<div class=\"elementor-element elementor-element-6037563 elementor-position-top elementor-widget elementor-widget-image-box\" data-id=\"6037563\" data-element_type=\"widget\" data-widget_type=\"image-box.default\">\n\t\t\t\t<div class=\"elementor-widget-container\">\n\t\t\t\t\t<div class=\"elementor-image-box-wrapper\"><figure class=\"elementor-image-box-img\"><img loading=\"lazy\" decoding=\"async\" width=\"50\" height=\"50\" src=\"https:\/\/ccse.pt\/wp-content\/uploads\/2025\/04\/delivery_person_50px.png\" class=\"attachment-thumbnail size-thumbnail wp-image-329\" alt=\"\" \/><\/figure><div class=\"elementor-image-box-content\"><h3 class=\"elementor-image-box-title\">Entrega<\/h3><p class=\"elementor-image-box-description\">Ap\u00f3s a conclus\u00e3o das etapas anteriores, o sistema de energia solar est\u00e1 pronto para ser utilizado. \u00c9 realizada pela nossa equipe uma \u00faltima verifica\u00e7\u00e3o para garantir que tudo est\u00e1 a funcionar corretamente, procedendo \u00e0 entrega do projeto ao cliente, fornecendo orienta\u00e7\u00f5es sobre o monitoramento e manuten\u00e7\u00e3o do sistema.<\/p><\/div><\/div>\t\t\t\t<\/div>\n\t\t\t\t<\/div>\n\t\t\t\t<\/div>\n\t\t\t\t\t<\/div>\n\t\t\t\t<\/div>\n\t\t<div class=\"elementor-element elementor-element-07c8552 ot-jarallax e-flex e-con-boxed e-con e-parent\" data-id=\"07c8552\" data-element_type=\"container\" data-settings=\"{&quot;background_background&quot;:&quot;classic&quot;}\">\n\t\t\t\t\t<div class=\"e-con-inner\">\n\t\t\t\t\t<\/div>\n\t\t\t\t<\/div>\n\t\t\t\t<\/div>\n\t\t","protected":false},"excerpt":{"rendered":"<p>Processo Simula\u00e7\u00e3o Nesta etapa, \u00e9 realizada uma simula\u00e7\u00e3o do sistema de energia solar para determinar a viabilidade e o potencial de gera\u00e7\u00e3o de energia. Utilizamos dados como a localiza\u00e7\u00e3o, dimens\u00e3o do telhado ou \u00e1rea dispon\u00edvel, inclina\u00e7\u00e3o e orienta\u00e7\u00e3o, al\u00e9m da an\u00e1lise do consumo de energia atual. Planeamento Com base nos resultados da simula\u00e7\u00e3o \u00e9 projetado [&hellip;]<\/p>\n","protected":false},"author":1,"featured_media":0,"parent":0,"menu_order":0,"comment_status":"closed","ping_status":"closed","template":"","meta":{"footnotes":""},"class_list":["post-309","page","type-page","status-publish","hentry"],"_links":{"self":[{"href":"https:\/\/ccse.pt\/index.php\/wp-json\/wp\/v2\/pages\/309","targetHints":{"allow":["GET"]}}],"collection":[{"href":"https:\/\/ccse.pt\/index.php\/wp-json\/wp\/v2\/pages"}],"about":[{"href":"https:\/\/ccse.pt\/index.php\/wp-json\/wp\/v2\/types\/page"}],"author":[{"embeddable":true,"href":"https:\/\/ccse.pt\/index.php\/wp-json\/wp\/v2\/users\/1"}],"replies":[{"embeddable":true,"href":"https:\/\/ccse.pt\/index.php\/wp-json\/wp\/v2\/comments?post=309"}],"version-history":[{"count":13,"href":"https:\/\/ccse.pt\/index.php\/wp-json\/wp\/v2\/pages\/309\/revisions"}],"predecessor-version":[{"id":389,"href":"https:\/\/ccse.pt\/index.php\/wp-json\/wp\/v2\/pages\/309\/revisions\/389"}],"wp:attachment":[{"href":"https:\/\/ccse.pt\/index.php\/wp-json\/wp\/v2\/media?parent=309"}],"curies":[{"name":"wp","href":"https:\/\/api.w.org\/{rel}","templated":true}]}}