{"id":288,"date":"2025-04-14T14:53:23","date_gmt":"2025-04-14T14:53:23","guid":{"rendered":"https:\/\/ccse.pt\/?page_id=288"},"modified":"2025-10-10T08:37:04","modified_gmt":"2025-10-10T08:37:04","slug":"inovacao-desenvolvimento","status":"publish","type":"page","link":"https:\/\/ccse.pt\/index.php\/inovacao-desenvolvimento\/","title":{"rendered":"Inova\u00e7\u00e3o Desenvolvimento"},"content":{"rendered":"\t\t<div data-elementor-type=\"wp-page\" data-elementor-id=\"288\" class=\"elementor elementor-288\">\n\t\t\t\t<div class=\"elementor-element elementor-element-26df973 ot-jarallax e-flex e-con-boxed e-con e-parent\" data-id=\"26df973\" data-element_type=\"container\" data-settings=\"{&quot;background_background&quot;:&quot;classic&quot;}\">\n\t\t\t\t\t<div class=\"e-con-inner\">\n\t\t\t\t<div class=\"elementor-element elementor-element-40d7d29 elementor-widget elementor-widget-heading\" data-id=\"40d7d29\" data-element_type=\"widget\" data-widget_type=\"heading.default\">\n\t\t\t\t<div class=\"elementor-widget-container\">\n\t\t\t\t\t<h1 class=\"elementor-heading-title elementor-size-default\">Servi\u00e7os<\/h1>\t\t\t\t<\/div>\n\t\t\t\t<\/div>\n\t\t\t\t\t<\/div>\n\t\t\t\t<\/div>\n\t\t<div class=\"elementor-element elementor-element-769bc5d e-flex e-con-boxed e-con e-parent\" data-id=\"769bc5d\" data-element_type=\"container\" data-settings=\"{&quot;background_background&quot;:&quot;classic&quot;}\">\n\t\t\t\t\t<div class=\"e-con-inner\">\n\t\t\t\t<div class=\"elementor-element elementor-element-ebbee23 elementor-widget elementor-widget-heading\" data-id=\"ebbee23\" data-element_type=\"widget\" data-widget_type=\"heading.default\">\n\t\t\t\t<div class=\"elementor-widget-container\">\n\t\t\t\t\t<h1 class=\"elementor-heading-title elementor-size-default\">Inova\u00e7\u00e3o Desenvolvimento<\/h1>\t\t\t\t<\/div>\n\t\t\t\t<\/div>\n\t\t\t\t<div class=\"elementor-element elementor-element-8c08079 elementor-widget elementor-widget-text-editor\" data-id=\"8c08079\" data-element_type=\"widget\" data-widget_type=\"text-editor.default\">\n\t\t\t\t<div class=\"elementor-widget-container\">\n\t\t\t\t\t\t\t\t\t<div id=\"bgLayers_mediajg2fl55h1\" class=\"MW5IWV\" data-hook=\"bgLayers\" data-motion-part=\"BG_LAYER mediajg2fl55h1\"><div id=\"bgMedia_mediajg2fl55h1\" class=\"VgO9Yg\" data-motion-part=\"BG_MEDIA mediajg2fl55h1\"><div id=\"bgLayers_mediajg2fl5551\" class=\"MW5IWV\" data-hook=\"bgLayers\" data-motion-part=\"BG_LAYER mediajg2fl5551\"><div id=\"bgMedia_mediajg2fl5551\" class=\"VgO9Yg\" data-motion-part=\"BG_MEDIA mediajg2fl5551\"><div id=\"bgLayers_mediajg2fl55d1\" class=\"MW5IWV\" data-hook=\"bgLayers\" data-motion-part=\"BG_LAYER mediajg2fl55d1\"><div id=\"bgMedia_mediajg2fl55d1\" class=\"VgO9Yg\" data-motion-part=\"BG_MEDIA mediajg2fl55d1\">\u00a0<\/div><\/div><div class=\"\" data-mesh-id=\"mediajg2fl55d1inlineContent\" data-testid=\"inline-content\"><div data-mesh-id=\"mediajg2fl55d1inlineContent-gridContainer\" data-testid=\"mesh-container-content\"><div id=\"comp-ih25s8r0\" class=\"HcOXKn c9GqVL QxJLC3 lq2cno YQcXTT comp-ih25s8r0 wixui-rich-text\" data-testid=\"richTextElement\"><p class=\"font_8 wixui-rich-text__text\"><span class=\"wixui-rich-text__text\">Na Casqueira &amp; Cunha, buscamos constantemente inova\u00e7\u00e3o e estamos comprometidos em otimizar o processo de instala\u00e7\u00e3o das UPAC&#8217;s nas ind\u00fastrias, trazendo benef\u00edcios financeiros e ambientais.<\/span><\/p><p class=\"font_8 wixui-rich-text__text\"><span class=\"wixui-rich-text__text\"><span class=\"wixGuard wixui-rich-text__text\">\u200b<\/span><\/span><\/p><p class=\"font_8 wixui-rich-text__text\"><span class=\"wixui-rich-text__text\">Com os atuais m\u00e9todos no mercado, reduzimos os custos e maximizamos a efici\u00eancia dos sistemas industriais fotovoltaicos, permitindo uma r\u00e1pida recupera\u00e7\u00e3o do investimento e contribuindo para a sustentabilidade atrav\u00e9s da utiliza\u00e7\u00e3o da energia solar.<\/span><\/p><p class=\"font_8 wixui-rich-text__text\">\u00a0<\/p><p class=\"font_8 wixui-rich-text__text\"><span class=\"wixui-rich-text__text\">A inova\u00e7\u00e3o est\u00e1 presente em todas as etapas do processo, desde o projeto at\u00e9 a instala\u00e7\u00e3o. Estamos empenhados em oferecer solu\u00e7\u00f5es personalizadas, eficientes e acess\u00edveis, permitindo que as ind\u00fastrias aproveitem todos os benef\u00edcios da energia solar.<\/span><\/p><p class=\"font_8 wixui-rich-text__text\"><span class=\"wixui-rich-text__text\"><span class=\"wixGuard wixui-rich-text__text\">\u200b<\/span><\/span><\/p><p class=\"font_8 wixui-rich-text__text\"><span class=\"wixui-rich-text__text\">Entre em contacto connosco e descubra como podemos ajudar a sua ind\u00fastria a utilizar a energia el\u00e9trica, trazendo inova\u00e7\u00e3o e sustentabilidade atrav\u00e9s da instala\u00e7\u00e3o dos sistemas industriais fotovoltaicos.<\/span><\/p><\/div><\/div><\/div><\/div><\/div><\/div><\/div>\t\t\t\t\t\t\t\t<\/div>\n\t\t\t\t<\/div>\n\t\t\t\t\t<\/div>\n\t\t\t\t<\/div>\n\t\t<div class=\"elementor-element elementor-element-07c8552 ot-jarallax e-flex e-con-boxed e-con e-parent\" data-id=\"07c8552\" data-element_type=\"container\" data-settings=\"{&quot;background_background&quot;:&quot;classic&quot;}\">\n\t\t\t\t\t<div class=\"e-con-inner\">\n\t\t\t\t\t<\/div>\n\t\t\t\t<\/div>\n\t\t\t\t<\/div>\n\t\t","protected":false},"excerpt":{"rendered":"<p>Servi\u00e7os Inova\u00e7\u00e3o Desenvolvimento \u00a0 Na Casqueira &amp; Cunha, buscamos constantemente inova\u00e7\u00e3o e estamos comprometidos em otimizar o processo de instala\u00e7\u00e3o das UPAC&#8217;s nas ind\u00fastrias, trazendo benef\u00edcios financeiros e ambientais. \u200b Com os atuais m\u00e9todos no mercado, reduzimos os custos e maximizamos a efici\u00eancia dos sistemas industriais fotovoltaicos, permitindo uma r\u00e1pida recupera\u00e7\u00e3o do investimento e contribuindo [&hellip;]<\/p>\n","protected":false},"author":1,"featured_media":0,"parent":0,"menu_order":0,"comment_status":"closed","ping_status":"closed","template":"","meta":{"footnotes":""},"class_list":["post-288","page","type-page","status-publish","hentry"],"_links":{"self":[{"href":"https:\/\/ccse.pt\/index.php\/wp-json\/wp\/v2\/pages\/288","targetHints":{"allow":["GET"]}}],"collection":[{"href":"https:\/\/ccse.pt\/index.php\/wp-json\/wp\/v2\/pages"}],"about":[{"href":"https:\/\/ccse.pt\/index.php\/wp-json\/wp\/v2\/types\/page"}],"author":[{"embeddable":true,"href":"https:\/\/ccse.pt\/index.php\/wp-json\/wp\/v2\/users\/1"}],"replies":[{"embeddable":true,"href":"https:\/\/ccse.pt\/index.php\/wp-json\/wp\/v2\/comments?post=288"}],"version-history":[{"count":10,"href":"https:\/\/ccse.pt\/index.php\/wp-json\/wp\/v2\/pages\/288\/revisions"}],"predecessor-version":[{"id":383,"href":"https:\/\/ccse.pt\/index.php\/wp-json\/wp\/v2\/pages\/288\/revisions\/383"}],"wp:attachment":[{"href":"https:\/\/ccse.pt\/index.php\/wp-json\/wp\/v2\/media?parent=288"}],"curies":[{"name":"wp","href":"https:\/\/api.w.org\/{rel}","templated":true}]}}