{"id":283,"date":"2025-04-14T14:51:19","date_gmt":"2025-04-14T14:51:19","guid":{"rendered":"https:\/\/ccse.pt\/?page_id=283"},"modified":"2025-04-14T14:51:53","modified_gmt":"2025-04-14T14:51:53","slug":"energias-renovaveis","status":"publish","type":"page","link":"https:\/\/ccse.pt\/index.php\/energias-renovaveis\/","title":{"rendered":"Energias Renov\u00e1veis"},"content":{"rendered":"\t\t<div data-elementor-type=\"wp-page\" data-elementor-id=\"283\" class=\"elementor elementor-283\">\n\t\t\t\t<div class=\"elementor-element elementor-element-26df973 ot-jarallax e-flex e-con-boxed e-con e-parent\" data-id=\"26df973\" data-element_type=\"container\" data-settings=\"{&quot;background_background&quot;:&quot;classic&quot;}\">\n\t\t\t\t\t<div class=\"e-con-inner\">\n\t\t\t\t<div class=\"elementor-element elementor-element-40d7d29 elementor-widget elementor-widget-heading\" data-id=\"40d7d29\" data-element_type=\"widget\" data-widget_type=\"heading.default\">\n\t\t\t\t<div class=\"elementor-widget-container\">\n\t\t\t\t\t<h1 class=\"elementor-heading-title elementor-size-default\">Servi\u00e7os<\/h1>\t\t\t\t<\/div>\n\t\t\t\t<\/div>\n\t\t\t\t\t<\/div>\n\t\t\t\t<\/div>\n\t\t<div class=\"elementor-element elementor-element-769bc5d e-flex e-con-boxed e-con e-parent\" data-id=\"769bc5d\" data-element_type=\"container\" data-settings=\"{&quot;background_background&quot;:&quot;classic&quot;}\">\n\t\t\t\t\t<div class=\"e-con-inner\">\n\t\t\t\t<div class=\"elementor-element elementor-element-ebbee23 elementor-widget elementor-widget-heading\" data-id=\"ebbee23\" data-element_type=\"widget\" data-widget_type=\"heading.default\">\n\t\t\t\t<div class=\"elementor-widget-container\">\n\t\t\t\t\t<h1 class=\"elementor-heading-title elementor-size-default\">Energias Renov\u00e1veis<\/h1>\t\t\t\t<\/div>\n\t\t\t\t<\/div>\n\t\t\t\t<div class=\"elementor-element elementor-element-8c08079 elementor-widget elementor-widget-text-editor\" data-id=\"8c08079\" data-element_type=\"widget\" data-widget_type=\"text-editor.default\">\n\t\t\t\t<div class=\"elementor-widget-container\">\n\t\t\t\t\t\t\t\t\t<div id=\"bgLayers_mediajg2fl55h1\" class=\"MW5IWV\" data-hook=\"bgLayers\" data-motion-part=\"BG_LAYER mediajg2fl55h1\"><div id=\"bgMedia_mediajg2fl55h1\" class=\"VgO9Yg\" data-motion-part=\"BG_MEDIA mediajg2fl55h1\"><div id=\"bgLayers_mediajg2fl5551\" class=\"MW5IWV\" data-hook=\"bgLayers\" data-motion-part=\"BG_LAYER mediajg2fl5551\"><div id=\"bgMedia_mediajg2fl5551\" class=\"VgO9Yg\" data-motion-part=\"BG_MEDIA mediajg2fl5551\">\u00a0<\/div><\/div><div class=\"\" data-mesh-id=\"mediajg2fl5551inlineContent\" data-testid=\"inline-content\"><div data-mesh-id=\"mediajg2fl5551inlineContent-gridContainer\" data-testid=\"mesh-container-content\"><div id=\"comp-ih25ru0t\" class=\"HcOXKn c9GqVL QxJLC3 lq2cno YQcXTT comp-ih25ru0t wixui-rich-text\" data-testid=\"richTextElement\"><p class=\"font_8 wixui-rich-text__text\"><span class=\"color_11 wixui-rich-text__text\">A Casqueira &amp; Cunha \u00e9 uma empresa portuguesa especializada em solu\u00e7\u00f5es solares fotovoltaicas, que oferece servi\u00e7os de instala\u00e7\u00e3o, manuten\u00e7\u00e3o e consultoria para sistemas solares em Portugal. Com um papel importante na transi\u00e7\u00e3o para uma matriz energ\u00e9tica mais sustent\u00e1vel. A empresa tem se dedicado a oferecer solu\u00e7\u00f5es inovadoras e eficientes para atender \u00e0s demandas crescentes por energia limpa.<\/span><\/p><p class=\"font_8 wixui-rich-text__text\">\u00a0<\/p><p class=\"font_8 wixui-rich-text__text\"><span class=\"color_11 wixui-rich-text__text\">Ao optar pelos servi\u00e7os da Casqueira &amp; Cunha, estar\u00e1 a investir numa empresa que se preocupa com a qualidade, a inova\u00e7\u00e3o e a sustentabilidade. A empresa utiliza tecnologia de ponta e materiais de qualidade para garantir a efici\u00eancia e a durabilidade dos seus sistemas solares fotovoltaicos.<\/span><\/p><\/div><\/div><\/div><\/div><\/div>\t\t\t\t\t\t\t\t<\/div>\n\t\t\t\t<\/div>\n\t\t\t\t\t<\/div>\n\t\t\t\t<\/div>\n\t\t<div class=\"elementor-element elementor-element-07c8552 ot-jarallax e-flex e-con-boxed e-con e-parent\" data-id=\"07c8552\" data-element_type=\"container\" data-settings=\"{&quot;background_background&quot;:&quot;classic&quot;}\">\n\t\t\t\t\t<div class=\"e-con-inner\">\n\t\t\t\t\t<\/div>\n\t\t\t\t<\/div>\n\t\t\t\t<\/div>\n\t\t","protected":false},"excerpt":{"rendered":"<p>Servi\u00e7os Energias Renov\u00e1veis \u00a0 A Casqueira &amp; Cunha \u00e9 uma empresa portuguesa especializada em solu\u00e7\u00f5es solares fotovoltaicas, que oferece servi\u00e7os de instala\u00e7\u00e3o, manuten\u00e7\u00e3o e consultoria para sistemas solares em Portugal. Com um papel importante na transi\u00e7\u00e3o para uma matriz energ\u00e9tica mais sustent\u00e1vel. A empresa tem se dedicado a oferecer solu\u00e7\u00f5es inovadoras e eficientes para atender [&hellip;]<\/p>\n","protected":false},"author":1,"featured_media":0,"parent":0,"menu_order":0,"comment_status":"closed","ping_status":"closed","template":"","meta":{"footnotes":""},"class_list":["post-283","page","type-page","status-publish","hentry"],"_links":{"self":[{"href":"https:\/\/ccse.pt\/index.php\/wp-json\/wp\/v2\/pages\/283","targetHints":{"allow":["GET"]}}],"collection":[{"href":"https:\/\/ccse.pt\/index.php\/wp-json\/wp\/v2\/pages"}],"about":[{"href":"https:\/\/ccse.pt\/index.php\/wp-json\/wp\/v2\/types\/page"}],"author":[{"embeddable":true,"href":"https:\/\/ccse.pt\/index.php\/wp-json\/wp\/v2\/users\/1"}],"replies":[{"embeddable":true,"href":"https:\/\/ccse.pt\/index.php\/wp-json\/wp\/v2\/comments?post=283"}],"version-history":[{"count":4,"href":"https:\/\/ccse.pt\/index.php\/wp-json\/wp\/v2\/pages\/283\/revisions"}],"predecessor-version":[{"id":287,"href":"https:\/\/ccse.pt\/index.php\/wp-json\/wp\/v2\/pages\/283\/revisions\/287"}],"wp:attachment":[{"href":"https:\/\/ccse.pt\/index.php\/wp-json\/wp\/v2\/media?parent=283"}],"curies":[{"name":"wp","href":"https:\/\/api.w.org\/{rel}","templated":true}]}}